{"id":4451,"date":"2026-01-15T10:29:02","date_gmt":"2026-01-15T10:29:02","guid":{"rendered":"https:\/\/corporate.docmorris.com\/?page_id=4451"},"modified":"2026-03-11T13:34:56","modified_gmt":"2026-03-11T13:34:56","slug":"datenschutz","status":"publish","type":"page","link":"https:\/\/corporate.docmorris.com\/de\/datenschutz\/","title":{"rendered":"6. Datenschutz\u00aderkl\u00e4rung (DE)"},"content":{"rendered":"\t\t<div data-elementor-type=\"wp-page\" data-elementor-id=\"4451\" class=\"elementor elementor-4451 elementor-3\" data-elementor-post-type=\"page\">\n\t\t\t\t<div class=\"elementor-element elementor-element-a551dc7 e-flex e-con-boxed e-con e-parent\" data-id=\"a551dc7\" data-element_type=\"container\" data-e-type=\"container\">\n\t\t\t\t\t<div class=\"e-con-inner\">\n\t\t<div class=\"elementor-element elementor-element-fabed1e e-grid e-con-full w-section__grid p-about-us__grid e-con e-child\" data-id=\"fabed1e\" data-element_type=\"container\" data-e-type=\"container\">\n\t\t\t\t<div class=\"elementor-element elementor-element-1bc173d elementor-widget elementor-widget-heading\" data-id=\"1bc173d\" data-element_type=\"widget\" data-e-type=\"widget\" data-widget_type=\"heading.default\">\n\t\t\t\t\t<h2 class=\"elementor-heading-title elementor-size-default\">Datenschutz\u00aderkl\u00e4rung<\/h2>\t\t\t\t<\/div>\n\t\t\t\t<\/div>\n\t\t<div class=\"elementor-element elementor-element-e75ff6e e-grid e-con-full w-section__grid p-about-us__grid e-con e-child\" data-id=\"e75ff6e\" data-element_type=\"container\" data-e-type=\"container\">\n\t\t\t\t<div class=\"elementor-element elementor-element-c03f732 elementor-widget elementor-widget-text-editor\" data-id=\"c03f732\" data-element_type=\"widget\" data-e-type=\"widget\" data-widget_type=\"text-editor.default\">\n\t\t\t\t\t\t\t\t\t<div class=\"c-paragraph\"><p><span class=\"c-paragraph__overline\">1. Worum geht es in dieser Datenschutzerkl\u00e4rung?<\/span><\/p><div class=\"c-paragraph__copy\"><p>\u00abPersonendaten\u00bb sind alle Informationen, die mit einer bestimmten Person in Verbindung gebracht werden k\u00f6nnen, und \u00abbearbeiten\u00bb meint jeden Umgang damit z.B. die Beschaffung, Verwendung und Bekanntgabe. Wir erl\u00e4utern in dieser Datenschutzerkl\u00e4rung, wie wir dies vor allem im Rahmen unserer Gesch\u00e4ftst\u00e4tigkeit im Zusammenhang mit unserer Webseite tun. Falls Sie weitere Informationen zu unserer Datenbearbeitung w\u00fcnschen, wenden Sie sich gerne an uns (Ziff. 2).  <\/p><\/div><\/div><div class=\"c-spacer c-spacer--lg\"> <\/div><div class=\"c-paragraph\"><p><span class=\"c-paragraph__overline\">2. Wer ist f\u00fcr die Bearbeitung Ihrer Daten verantwortlich?<\/span><\/p><div class=\"c-paragraph__copy\"><p>F\u00fcr die Datenbearbeitungen nach dieser Datenschutzerkl\u00e4rung ist folgende Gesellschaft der \u00abVerantwortliche\u00bb (auch \u00abwir\u00bb):<\/p><p><strong>DocMorris AG<\/strong><br>Walzm\u00fchlestrasse 49<br>8500 Frauenfeld<br>Schweiz<\/p><p>Wenn Sie Fragen zum Datenschutz haben, k\u00f6nnen Sie sich gerne an folgende Adresse wenden:<\/p><p><strong>DocMorris AG<\/strong><br>Datenschutz<br>Walzm\u00fchlestrasse 49<br>8500 Frauenfeld<br>Schweiz<\/p><p><a class=\"text-link\" href=\"mailto:dataprotection@docmorris.com\">dataprotection@docmorris.com<\/a><\/p><p>Unsere Vertretung in der EU:<\/p><p>DocMorris N.V.<br>Avantisallee 152<br>6422 RA Heerlen<br>Netherlands<\/p><p>Die DocMorris AG ist eine an der an der SIX Swiss Exchange kotierte Holdinggesellschaft. Angaben zur Datenbearbeitung der Gesellschaften der DocMorris AG finden Sie i.d.R. auf den jeweiligen Webseiten der Gesellschaften. Eine \u00dcbersicht finden Sie <a class=\"text-link\" href=\"https:\/\/corporate.docmorris.com\/en\/about-us\/business\/markets-and-brands\/\" target=\"_blank\" rel=\"noopener\">hier<\/a>.  <\/p><\/div><\/div><div class=\"c-spacer c-spacer--lg\"> <\/div><div class=\"c-paragraph\"><p><span class=\"c-paragraph__overline\">3. Welche Daten bearbeiten wir?<\/span><\/p><div class=\"c-paragraph__copy\"><p>Wir bearbeiten die folgenden Kategorien von Personendaten: <\/p><ul><li><p>Bei Vertretern, Organen und Mitarbeitern von Lieferanten und Dienstleistern innerhalb und ausserhalb der DocMorris AG, Mitbewerbern und anderen Unternehmen, Medien, Beh\u00f6rden, Verb\u00e4nden und anderen Stellen z.B.:<\/p><ul><li><p>Kontaktangaben, insbesondere Namen und Kontaktadresse;<\/p><\/li><li><p>Angaben \u00fcber die berufliche bzw. gesch\u00e4ftliche Rolle (z.B. die Position in einem Unternehmen oder das Verhalten in Vertretung eines Unternehmens) und Interaktionen mit uns;<\/p><\/li><\/ul><\/li><li><p>Bei institutionellen Investoren: z.B. Angaben \u00fcber Kontaktpersonen (insbesondere Namen, Kontaktangaben und Angaben \u00fcber ihre berufliche bzw. gesch\u00e4ftliche Rolle);<\/p><\/li><li><p>Bei Privatanlegern: z.B. Name und Kontaktangaben, Beteiligungen, Transaktionen in Bezug auf unsere Aktien und Stimmverhalten bei Abstimmungen;<\/p><\/li><li><p>Bei Marktteilnehmern: z.B. Daten \u00fcber Schl\u00fcsselpersonen, besonders Name, Kontaktdaten, Rolle oder Funktion und \u00f6ffentliche \u00c4usserungen;<\/p><\/li><li><p>Bei sonstigen Personen, mit denen wir in bestimmten Situationen Kontakt kommen, bspw. im Rahmen gerichtlicher oder beh\u00f6rdlicher Verfahren oder von Unternehmenstransaktionen: z.B. Name, Angaben zur Rolle der betreffenden Personen und zur Beziehung zu uns und Angaben im Zusammenhang mit der jeweiligen Situation.<\/p><\/li><\/ul><p>You might provide us with data that also relates to other persons (e.g., about a deputy\/representative, about other employees of a company, etc.). If you do so, we will take this as a confirmation that this data is correct.  Da wir oft keinen direkten Kontakt zu diesen Dritten haben, bitten wir Sie, diese dar\u00fcber zu informieren, dass wir ihre Daten verarbeiten (z. B. durch Verweis auf diese Datenschutzerkl\u00e4rung). <\/p><\/div><\/div><div class=\"c-spacer c-spacer--lg\"> <\/div><div class=\"c-paragraph\"><p><span class=\"c-paragraph__overline\">4. Zu welchen Zwecken bearbeiten wir Daten?<\/span><\/p><div class=\"c-paragraph__copy\"><p>Wir bearbeiten die in Ziff. 3 genannten Daten zu den folgenden Zwecken:<\/p><ul><li><p>Einhaltung von rechtlichen und regulatorischen Bestimmungen, von Vertr\u00e4gen und Verbandsbestimmungen und von internen Reglementen und Vorgaben;<\/p><\/li><li><p>Verhinderung von Straftaten und anderen Verst\u00f6ssen, bspw. im Rahmen interner Untersuchungen;<\/p><\/li><li><p>Abschluss, Durchf\u00fchrung und Durchsetzung von Vertr\u00e4gen;<\/p><\/li><li><p>Kommunikation mit betroffenen Personen;<\/p><\/li><li><p>Unternehmensf\u00fchrung einschliesslich statistischer Auswertungen;<\/p><\/li><li><p>Teilnahme am Wettbewerb einschliesslich Marktanalysen; <\/p><\/li><li><p>\u00dcberwachung, Kontrolle, Analyse, Sicherung und \u00dcberpr\u00fcfung unserer IT-Infrastruktur und Back-ups und Archivierung;<\/p><\/li><li><p>Beteiligung an rechtlichen Verfahren (z.B. Gerichts- oder Verwaltungsverfahren);<\/p><\/li><li><p>Pr\u00fcfung und Durchf\u00fchrung von Unternehmenstransaktionen (z.B. Erwerb oder Ver\u00e4usserung von Aktiven oder Unternehmen);<\/p><\/li><li><p>Newsletter bereitstellen<\/p><\/li><li><p>Weitere Zwecke wie z.B. Schulung und Ausbildung, Administration und Wahrung weiterer berechtigter Interessen.<\/p><\/li><\/ul><\/div><\/div><div class=\"c-spacer c-spacer--lg\"> <\/div><div class=\"c-paragraph\"><p><span class=\"c-paragraph__overline\">5. Wem geben wir Daten bekannt?<\/span><\/p><div class=\"c-paragraph__copy\"><p>Wir k\u00f6nnen Daten insbesondere folgenden Stellen bekannt geben:<\/p><ul><li><p>Beh\u00f6rden, Gerichten und anderen Stellen mit \u00f6ffentlichem Auftrag, z.B. zur Einhaltung rechtlicher Pflichten oder von Anordnungen;<\/p><\/li><li><p>Dienstleistern (z.B. IT-, Logistik- und Versanddienstleistern, Beratern, Anw\u00e4lten usw.);<\/p><\/li><li><p>Gruppengesellschaften der DocMorris AG, damit eine einheitliche Partnerdatenbank gef\u00fchrt werden kann;<\/p><\/li><li><p>Medien und Verb\u00e4nden;<\/p><\/li><li><p>Aktuellen und potenziellen Vertragspartnern und Gegenparteien in Unternehmenstransaktionen;<\/p><\/li><li><p>Weiteren Dritten, z.B. anderen Parteien in Verfahren und externen oder internen Untersuchungen.<\/p><\/li><\/ul><p>Wir gehen ohne besonderen Hinweis davon aus, dass solchen Bekanntgaben keine Geheimnisinteressen entgegenstehen.<\/p><p>Die Empf\u00e4nger von Daten befinden sich nicht nur in der Schweiz, sondern k\u00f6nnen in einem anderen Land sein. Das betrifft besonders Gruppenunternehmen und Dienstleister (besonders IT-Dienstleister). Diese haben Standorte sowohl innerhalb der EU bzw. des EWR als auch in anderen L\u00e4ndern weltweit. Wir k\u00f6nnen auch Beh\u00f6rden und anderen Personen im Ausland Daten \u00fcbermitteln, wenn wir rechtlich dazu verpflichtet sind oder z.B. im Rahmen eines Unternehmensverkaufs oder eines Gerichtsverfahrens. Nicht alle dieser Staaten verf\u00fcgen \u00fcber einen angemessenen Datenschutz. Wir gleichen den niedrigeren Schutz durch entsprechende Vertr\u00e4ge aus, besonders die sog. Standardvertragsklauseln der Europ\u00e4ischen Kommission, die <a class=\"text-link\" href=\"https:\/\/eur-lex.europa.eu\/legal-content\/EN\/TXT\/HTML\/?uri=CELEX:32021D0914&amp;from=EN\" target=\"_blank\" rel=\"noopener\">hier<\/a> abrufbar sind. In bestimmten F\u00e4llen k\u00f6nnen wir Daten im Einklang mit datenschutzrechtlichen Vorgaben auch ohne solche Vertr\u00e4ge \u00fcbermitteln, z.B. wenn mit einer Einwilligung oder wenn die Bekanntgabe f\u00fcr die Vertragsabwicklung, f\u00fcr die Feststellung, Aus\u00fcbung oder Durchsetzung von Rechtsanspr\u00fcchen oder f\u00fcr \u00fcberwiegende \u00f6ffentlichen Interessen erforderlich ist.      <\/p><\/div><\/div><div class=\"c-spacer c-spacer--lg\"> <\/div><div class=\"c-paragraph\"><p><span class=\"c-paragraph__overline\">6. Wie sch\u00fctzen wir Daten?<\/span><\/p><div class=\"c-paragraph__copy\"><p>Wir treffen geeignete technische, organisatorische und physische Massnahmen, um Daten zu sch\u00fctzen. Bei der Bekanntgabe von Daten \u00fcber das Internet oder via E-Mail ist zu beachten, dass auch bei einer verschl\u00fcsselten Daten\u00fcbermittlung Sender und Empf\u00e4nger einer Nachricht unverschl\u00fcsselt und einsehbar bleiben. Es kann nicht ausgeschlossen werden, dass solche Daten von Dritten eingesehen werden k\u00f6nnen. \u00dcber ein \u00f6ffentliches Netz gesendete Daten k\u00f6nnen \u00fcber ein Drittland geleitet werden, das kein geeignetes Schutzniveau bietet, auch wenn sich Sender und Empf\u00e4nger im gleichen Staat befinden.   <\/p><\/div><\/div><div class=\"c-spacer c-spacer--lg\"> <\/div><div class=\"c-paragraph\"><p><span class=\"c-paragraph__overline\">7. Wie bearbeiten wir Daten im Zusammenhang mit unserer Webseite?<\/span><\/p><div class=\"c-paragraph__copy\"><p>Bei jeder Verwendung unserer Webseite fallen aus technischen Gr\u00fcnden bestimmte Daten an, die in Protokolldateien (Log-Daten) tempor\u00e4r gespeichert werden, vor allem die IP-Adresse des Endger\u00e4ts, Angaben \u00fcber den Internet-Service-Provider und \u00fcber das Betriebssystem Ihres Endger\u00e4ts, Angaben zur verweisenden URL, Angaben zum verwendeten Browser, Datum und Zeit des Zugriffs und aufgerufene Inhalte beim Besuch der Webseite. Diese Daten verwenden wir, damit unsere Webseite verwendet werden kann, um die Systemsicherheit und -stabilit\u00e4t zu gew\u00e4hrleisten und unsere Webseite zu optimieren und zu statistischen Zwecken. <\/p><p>Unsere Webseite verwendet zudem Cookies, d. h. Dateien, die Ihr Browser automatisch auf Ihrem Endger\u00e4t speichert. Dadurch k\u00f6nnen wir einzelne Besucher unterscheiden, in der Regel aber ohne sie zu identifizieren. Cookies k\u00f6nnen auch Informationen \u00fcber aufgerufene Seiten und die Dauer des Besuchs enthalten. Bestimmte Cookies (\u00abSession-Cookies\u00bb) werden beim Schliessen des Browsers gel\u00f6scht. Andere (\u00abdauerhafte Cookies\u00bb) bleiben f\u00fcr eine bestimmte Dauer gespeichert, damit wir Besucher bei einem sp\u00e4teren Besuch wiedererkennen k\u00f6nnen. Wir k\u00f6nnen auch andere Technologien z.B. zur Speicherung von Daten im Browser verwenden, aber auch zur Unterscheidung wiederkehrender Besucher.     <\/p><p>Sie k\u00f6nnen Ihren Browser in den Einstellungen so konfigurieren, dass er bestimmte Cookies oder \u00e4hnliche Technologien blockiert oder Cookies und andere gespeicherte Daten l\u00f6scht. Mehr dazu finden Sie in den Hilfeseiten Ihres Browsers (meist unter dem Stichwort \u00abDatenschutz\u00bb). <\/p><p>Diese Cookies und anderen Technologien k\u00f6nnen auch von Drittunternehmen stammen, die uns bestimmte Funktionen bereitstellen. Auch diese k\u00f6nnen sich ausserhalb der Schweiz und des EWR befinden (dazu finden Sie unter Ziff. 7 Angaben). Zum Beispiel setzen wir Analysedienste ein, damit wir unsere Webseite optimieren [und personalisieren] k\u00f6nnen. [Cookies und \u00e4hnliche Technologien von Drittanbietern erm\u00f6glichen es diesen zudem, Sie auf unseren Webseiten oder auf anderen Webseiten sowie in sozialen Netzwerken, die ebenfalls mit diesem Dritten zusammenarbeiten, mit individualisierter Werbung anzusprechen und zu messen, wie wirksam Werbeanzeigen sind (z.B. ob Sie \u00fcber eine Werbeanzeige auf unsere Webseite gelangt sind und welche Aktionen Sie dann auf unserer Webseite ausf\u00fchren).] Die entsprechenden Drittanbieter k\u00f6nnen daf\u00fcr die Nutzung der Webseite aufzeichnen und ihre Aufzeichnungen mit weiteren Informationen aus anderen Webseiten verbinden. So k\u00f6nnen sie Verhalten der Nutzer \u00fcber mehrere Webseiten und Endger\u00e4te hinweg aufzeichnen, um uns auf dieser Basis statistische Auswertungen zur Verf\u00fcgung zu stellen. Diese Angaben k\u00f6nnen die Anbieter auch f\u00fcr eigene Zwecke verwenden, z.B. f\u00fcr personalisierte Werbung auf der eigenen Webseite oder anderen Webseiten. Falls ein Nutzer beim Anbieter registriert ist, kann dieser die Nutzungsdaten der betreffenden Person zuordnen.      <\/p><p>Wir nutzen auf unserer Webseite Google Analytics, einen Analysedienst von Google LLC (1600 Amphitheatre Parkway, Mountain View, CA, USA) und Google Ireland Ltd. (Google Building Gordon House, Barrow St, Dublin 4, Irland). Google erfasst bestimmte Informationen \u00fcber das Verhalten der Nutzer auf der Webseite und \u00fcber das verwendete Endger\u00e4t. Die IP-Adressen der Besucher werden in Europa vor der Weiterleitung in die USA gek\u00fcrzt. Google liefert uns gest\u00fctzt auf die aufgezeichneten Daten Auswertungen, bearbeitet bestimmte Daten aber auch f\u00fcr eigene Zwecke. Informationen zum Datenschutz von Google Analytics finden Sie hier, und falls Sie selbst ein Google-Konto haben, finden Sie weitere Angaben hier.    <\/p><\/div><\/div><div class=\"c-spacer c-spacer--lg\"> <\/div><div class=\"c-paragraph\"><p><span class=\"c-paragraph__overline\">8. Wie lange bearbeiten wir Personendaten?<\/span><\/p><div class=\"c-paragraph__copy\"><p>Wir bearbeiten Ihre Personendaten, solange es f\u00fcr den Zweck der Bearbeitung erforderlich ist (bei Vertr\u00e4gen in der Regel f\u00fcr die Dauer der Vertragsbeziehung), solange wir ein berechtigtes Interesse an der Speicherung haben (z.B. wenn um rechtliche Anspr\u00fcche durchzusetzen, zur Archivierung und oder dazu, die IT-Sicherheit sicherzustellen) und solange Daten einer gesetzlichen Aufbewahrungspflicht unterliegen (f\u00fcr bestimmte Daten gilt z.B. eine zehnj\u00e4hrige Aufbewahrungsfrist). Nach Ablauf dieser Fristen l\u00f6schen oder anonymisieren wir Ihre Personendaten. <\/p><\/div><\/div><div class=\"c-spacer c-spacer--lg\"> <\/div><div class=\"c-paragraph\"><p><span class=\"c-paragraph__overline\">9. Welche weiteren Punkte sind zu beachten?<\/span><\/p><div class=\"c-paragraph__copy\"><p>Je nach anwendbarem Recht ist eine Datenbearbeitung nur erlaubt, wenn das anwendbare Recht es spezifisch erlaubt. Das gilt z.B. nach der DSGVO, soweit sie zur Anwendung kommt. In diesem Fall st\u00fctzen wir die Bearbeitung Ihrer Personendaten darauf, dass sie f\u00fcr die Vorbereitung und die Abwicklung von Vertr\u00e4gen erforderlich ist, dass sie f\u00fcr berechtigte Interessen von uns oder Dritten erforderlich ist, z.B. f\u00fcr statistische Auswertungen, dass sie gesetzlich vorgeschrieben oder erlaubt ist oder dass Sie in die Bearbeitung separat eingewilligt haben. Sie finden die entsprechenden Bestimmungen in Art. 6 und 9 der DSGVO.   <\/p><p>Sie sind \u00fcbrigens nicht verpflichtet, uns Daten bekanntzugeben, unter Vorbehalt von Einzelf\u00e4llen (z.B. wenn Sie eine vertragliche Pflicht erf\u00fcllen m\u00fcssen und es dabei zu einer Datenbekanntgabe an uns kommt). Wir m\u00fcssen aus rechtlichen und anderen Gr\u00fcnden aber Daten bearbeiten, wenn wir Vertr\u00e4ge schliessen und durchf\u00fchren. Auch die Verwendung unserer Webseite ist ohne eine Datenbearbeitung nicht m\u00f6glich (dazu Ziff. 6).  <\/p><\/div><\/div><div class=\"c-spacer c-spacer--lg\"> <\/div><div class=\"c-paragraph\"><p><span class=\"c-paragraph__overline\">10. Was sind Ihre Rechte?<\/span><\/p><div class=\"c-paragraph__copy\"><p>Sie haben im Rahmen des anwendbaren Datenschutzrechts bestimmte Rechte, damit Sie weitere Informationen \u00fcber unsere Datenbearbeitung beziehen und auf diese einwirken k\u00f6nnen: <\/p><ul><li><p>Sie k\u00f6nnen weitere Angaben \u00fcber unsere Datenbearbeitung verlangen. Daf\u00fcr stehen wir Ihnen gerne zur Verf\u00fcgung. Sie k\u00f6nnen auch ein sog. Auskunftsbegehren stellen, wenn Sie weitere Informationen und eine Kopie Ihrer Daten w\u00fcnschen;  <\/p><\/li><li><p>Sie k\u00f6nnen unseren Datenbearbeitungen widersprechen;<\/p><\/li><li><p>Sie k\u00f6nnen unrichtige oder unvollst\u00e4ndige Personendaten berichtigen bzw. vervollst\u00e4ndigen oder durch einen Bestreitungsvermerk erg\u00e4nzen lassen;<\/p><\/li><li><p>Sie k\u00f6nnen auch das Recht, die Personendaten, die Sie uns bereitgestellt haben, in einem strukturierten, g\u00e4ngigen und maschinenlesbaren Format zu erhalten, soweit die entsprechende Datenbearbeitung auf Ihrer Einwilligung beruht oder zur Vertragserf\u00fcllung erforderlich ist;<\/p><\/li><li><p>soweit wir Daten auf Basis Ihrer Einwilligung bearbeiten, k\u00f6nnen Sie die Einwilligung jederzeit widerrufen. Der Widerruf gilt nur f\u00fcr die Zukunft, und wir behalten uns vor, Daten im Fall eines Widerrufs gest\u00fctzt auf eine andere Grundlage weiterhin zu bearbeiten. <\/p><\/li><\/ul><p>Wenn Sie Ihr Recht auf Widerruf der Einwilligung aus\u00fcben m\u00f6chten, k\u00f6nnen Sie sich gerne an uns wenden (Abschnitt 2). Im Rahmen dieses Verfahrens m\u00fcssen wir in der Regel Ihre Identit\u00e4t \u00fcberpr\u00fcfen (z. B. anhand einer Kopie Ihres Personalausweises). <\/p><p>Es steht Ihnen zudem auch frei, bei der zust\u00e4ndigen Aufsichtsbeh\u00f6rde eine Beschwerde gegen unsere Bearbeitung Ihrer Daten einzureichen, in der Schweiz beim Eidgen\u00f6ssischen Datenschutz- und \u00d6ffentlichkeitsbeauftragten (ED\u00d6B).<\/p><\/div><\/div>\t\t\t\t\t\t\t\t<\/div>\n\t\t\t\t<\/div>\n\t\t\t\t\t<\/div>\n\t\t\t\t<\/div>\n\t\t\t\t<\/div>\n\t\t","protected":false},"excerpt":{"rendered":"<p>Datenschutz\u00aderkl\u00e4rung 1. Worum geht es in dieser Datenschutzerkl\u00e4rung? \u00abPersonendaten\u00bb sind alle Informationen, die mit einer bestimmten Person in Verbindung gebracht werden k\u00f6nnen, und \u00abbearbeiten\u00bb meint jeden Umgang damit z.B. die Beschaffung, Verwendung und Bekanntgabe. Wir erl\u00e4utern in dieser Datenschutzerkl\u00e4rung, wie wir dies vor allem im Rahmen unserer Gesch\u00e4ftst\u00e4tigkeit im Zusammenhang mit unserer Webseite tun. Falls [&hellip;]<\/p>\n","protected":false},"author":1,"featured_media":0,"parent":0,"menu_order":0,"comment_status":"closed","ping_status":"open","template":"","meta":{"_acf_changed":false,"footnotes":""},"class_list":["post-4451","page","type-page","status-publish","hentry"],"acf":[],"_links":{"self":[{"href":"https:\/\/corporate.docmorris.com\/de\/wp-json\/wp\/v2\/pages\/4451","targetHints":{"allow":["GET"]}}],"collection":[{"href":"https:\/\/corporate.docmorris.com\/de\/wp-json\/wp\/v2\/pages"}],"about":[{"href":"https:\/\/corporate.docmorris.com\/de\/wp-json\/wp\/v2\/types\/page"}],"author":[{"embeddable":true,"href":"https:\/\/corporate.docmorris.com\/de\/wp-json\/wp\/v2\/users\/1"}],"replies":[{"embeddable":true,"href":"https:\/\/corporate.docmorris.com\/de\/wp-json\/wp\/v2\/comments?post=4451"}],"version-history":[{"count":8,"href":"https:\/\/corporate.docmorris.com\/de\/wp-json\/wp\/v2\/pages\/4451\/revisions"}],"predecessor-version":[{"id":5240,"href":"https:\/\/corporate.docmorris.com\/de\/wp-json\/wp\/v2\/pages\/4451\/revisions\/5240"}],"wp:attachment":[{"href":"https:\/\/corporate.docmorris.com\/de\/wp-json\/wp\/v2\/media?parent=4451"}],"curies":[{"name":"wp","href":"https:\/\/api.w.org\/{rel}","templated":true}]}}