{"id":4446,"date":"2026-02-16T00:09:51","date_gmt":"2026-02-16T00:09:51","guid":{"rendered":"https:\/\/corporate.docmorris.com\/?page_id=4446"},"modified":"2026-03-11T13:34:23","modified_gmt":"2026-03-11T13:34:23","slug":"rechtliches","status":"publish","type":"page","link":"https:\/\/corporate.docmorris.com\/de\/rechtliches\/","title":{"rendered":"5. Rechtliche Hinweise (EN)"},"content":{"rendered":"\t\t<div data-elementor-type=\"wp-page\" data-elementor-id=\"4446\" class=\"elementor elementor-4446 elementor-4042\" data-elementor-post-type=\"page\">\n\t\t\t\t<div class=\"elementor-element elementor-element-66e77f72 m-section e-flex e-con-boxed e-con e-parent\" data-id=\"66e77f72\" data-element_type=\"container\" data-e-type=\"container\">\n\t\t\t\t\t<div class=\"e-con-inner\">\n\t\t<div class=\"elementor-element elementor-element-1d64d733 e-grid e-con-full w-section__grid p-about-us__grid e-con e-child\" data-id=\"1d64d733\" data-element_type=\"container\" data-e-type=\"container\">\n\t\t<div class=\"elementor-element elementor-element-7421f95 e-con-full e-flex e-con e-child\" data-id=\"7421f95\" data-element_type=\"container\" data-e-type=\"container\">\n\t\t\t\t<div class=\"elementor-element elementor-element-113c742 elementor-widget elementor-widget-heading\" data-id=\"113c742\" data-element_type=\"widget\" data-e-type=\"widget\" data-widget_type=\"heading.default\">\n\t\t\t\t\t<h1 class=\"elementor-heading-title elementor-size-default\">Rechtliche Hinweise<\/h1>\t\t\t\t<\/div>\n\t\t\t\t<\/div>\n\t\t<div class=\"elementor-element elementor-element-32332ccc e-con-full e-flex e-con e-child\" data-id=\"32332ccc\" data-element_type=\"container\" data-e-type=\"container\" data-settings=\"{&quot;background_background&quot;:&quot;classic&quot;}\">\n\t\t<div class=\"elementor-element elementor-element-77ed9361 e-con-full e-flex e-con e-child\" data-id=\"77ed9361\" data-element_type=\"container\" data-e-type=\"container\">\n\t\t\t\t<div class=\"elementor-element elementor-element-14d36a13 c-paragraph__headline elementor-widget elementor-widget-heading\" data-id=\"14d36a13\" data-element_type=\"widget\" data-e-type=\"widget\" data-widget_type=\"heading.default\">\n\t\t\t\t\t<h2 class=\"elementor-heading-title elementor-size-default\">Inhalt<\/h2>\t\t\t\t<\/div>\n\t\t\t\t<\/div>\n\t\t<div class=\"elementor-element elementor-element-7a3a4700 e-con-full e-flex e-con e-child\" data-id=\"7a3a4700\" data-element_type=\"container\" data-e-type=\"container\">\n\t\t\t\t<div class=\"elementor-element elementor-element-1b391284 c-paragraph__copy elementor-widget elementor-widget-heading\" data-id=\"1b391284\" data-element_type=\"widget\" data-e-type=\"widget\" data-widget_type=\"heading.default\">\n\t\t\t\t\t<p class=\"elementor-heading-title elementor-size-default\">Obwohl die auf der Website der DocMorris AG, einschlie\u00dflich aller Unterseiten (zusammen die \u201eWebsite\u201c), enthaltenen Informationen mit der gebotenen Sorgfalt erstellt und auf dem neuesten Stand gehalten werden, \u00fcbernimmt die DocMorris AG keine Gew\u00e4hrleistung oder Garantie hinsichtlich ihrer Richtigkeit, Vollst\u00e4ndigkeit oder Eignung f\u00fcr einen bestimmten Zweck. Die Nutzung der auf der Website verf\u00fcgbaren Materialien erfolgt auf eigenes Risiko. Die DocMorris AG kann die Website jederzeit nach eigenem Ermessen ohne vorherige Ank\u00fcndigung \u00e4ndern. Weder die DocMorris AG noch eine andere an der Erstellung, Produktion oder Bereitstellung der Website oder einer damit verlinkten Website beteiligte Partei haftet in irgendeiner Weise f\u00fcr Sch\u00e4den jeglicher Art, die sich aus Ihrem Zugriff auf die Website, deren Nutzung oder der Unm\u00f6glichkeit der Nutzung oder aus Fehlern oder Auslassungen in deren Inhalt ergeben.<\/p>\t\t\t\t<\/div>\n\t\t\t\t<\/div>\n\t\t\t\t<\/div>\n\t\t<div class=\"elementor-element elementor-element-0170cf2 e-con-full e-flex e-con e-child\" data-id=\"0170cf2\" data-element_type=\"container\" data-e-type=\"container\" data-settings=\"{&quot;background_background&quot;:&quot;classic&quot;}\">\n\t\t<div class=\"elementor-element elementor-element-d2afab4 e-con-full e-flex e-con e-child\" data-id=\"d2afab4\" data-element_type=\"container\" data-e-type=\"container\">\n\t\t\t\t<div class=\"elementor-element elementor-element-3c26d3c c-paragraph__headline elementor-widget elementor-widget-heading\" data-id=\"3c26d3c\" data-element_type=\"widget\" data-e-type=\"widget\" data-widget_type=\"heading.default\">\n\t\t\t\t\t<h2 class=\"elementor-heading-title elementor-size-default\">Kein Angebot und keine Aufforderung<\/h2>\t\t\t\t<\/div>\n\t\t\t\t<\/div>\n\t\t<div class=\"elementor-element elementor-element-6ed5a0e e-con-full e-flex e-con e-child\" data-id=\"6ed5a0e\" data-element_type=\"container\" data-e-type=\"container\">\n\t\t\t\t<div class=\"elementor-element elementor-element-9a2d816 c-paragraph__copy elementor-widget elementor-widget-heading\" data-id=\"9a2d816\" data-element_type=\"widget\" data-e-type=\"widget\" data-widget_type=\"heading.default\">\n\t\t\t\t\t<p class=\"elementor-heading-title elementor-size-default\">Die auf der Website bereitgestellten Informationen stellen weder ein Angebot noch eine Aufforderung zum Kauf oder Verkauf, zum Handel oder zu einer sonstigen Transaktion mit Wertpapieren der DocMorris dar. Anleger d\u00fcrfen sich bei Anlageentscheidungen nicht auf diese Informationen verlassen.<\/p>\t\t\t\t<\/div>\n\t\t\t\t<\/div>\n\t\t\t\t<\/div>\n\t\t<div class=\"elementor-element elementor-element-9cd0f6f e-con-full e-flex e-con e-child\" data-id=\"9cd0f6f\" data-element_type=\"container\" data-e-type=\"container\" data-settings=\"{&quot;background_background&quot;:&quot;classic&quot;}\">\n\t\t<div class=\"elementor-element elementor-element-abb58d5 e-con-full e-flex e-con e-child\" data-id=\"abb58d5\" data-element_type=\"container\" data-e-type=\"container\">\n\t\t\t\t<div class=\"elementor-element elementor-element-9101cef c-paragraph__headline elementor-widget elementor-widget-heading\" data-id=\"9101cef\" data-element_type=\"widget\" data-e-type=\"widget\" data-widget_type=\"heading.default\">\n\t\t\t\t\t<h2 class=\"elementor-heading-title elementor-size-default\">Zukunftsgerichtete Informationen<\/h2>\t\t\t\t<\/div>\n\t\t\t\t<\/div>\n\t\t<div class=\"elementor-element elementor-element-54885d6 e-con-full e-flex e-con e-child\" data-id=\"54885d6\" data-element_type=\"container\" data-e-type=\"container\">\n\t\t\t\t<div class=\"elementor-element elementor-element-fffed87 c-paragraph__copy elementor-widget elementor-widget-heading\" data-id=\"fffed87\" data-element_type=\"widget\" data-e-type=\"widget\" data-widget_type=\"heading.default\">\n\t\t\t\t\t<p class=\"elementor-heading-title elementor-size-default\">Diese Seite kann zukunftsgerichtete Informationen enthalten. Solche Informationen unterliegen einer Vielzahl erheblicher Unsicherheiten, einschlie\u00dflich wissenschaftlicher, gesch\u00e4ftlicher, wirtschaftlicher und finanzieller Faktoren, weshalb die tats\u00e4chlichen Ergebnisse erheblich von den dargestellten abweichen k\u00f6nnen.<\/p>\t\t\t\t<\/div>\n\t\t\t\t<\/div>\n\t\t\t\t<\/div>\n\t\t<div class=\"elementor-element elementor-element-2f76c4e e-con-full e-flex e-con e-child\" data-id=\"2f76c4e\" data-element_type=\"container\" data-e-type=\"container\" data-settings=\"{&quot;background_background&quot;:&quot;classic&quot;}\">\n\t\t<div class=\"elementor-element elementor-element-82d716a e-con-full e-flex e-con e-child\" data-id=\"82d716a\" data-element_type=\"container\" data-e-type=\"container\">\n\t\t\t\t<div class=\"elementor-element elementor-element-aabe02a c-paragraph__headline elementor-widget elementor-widget-heading\" data-id=\"aabe02a\" data-element_type=\"widget\" data-e-type=\"widget\" data-widget_type=\"heading.default\">\n\t\t\t\t\t<h2 class=\"elementor-heading-title elementor-size-default\">Nutzung<\/h2>\t\t\t\t<\/div>\n\t\t\t\t<\/div>\n\t\t<div class=\"elementor-element elementor-element-6aab8b2 e-con-full e-flex e-con e-child\" data-id=\"6aab8b2\" data-element_type=\"container\" data-e-type=\"container\">\n\t\t\t\t<div class=\"elementor-element elementor-element-d74d4fc c-paragraph__copy elementor-widget elementor-widget-heading\" data-id=\"d74d4fc\" data-element_type=\"widget\" data-e-type=\"widget\" data-widget_type=\"heading.default\">\n\t\t\t\t\t<p class=\"elementor-heading-title elementor-size-default\">Alle auf der Website enthaltenen Materialien, ob in Text-, Bild- oder anderer Form, sind Eigentum eines Mitglieds der DocMorris oder an dieses lizenziert. Die Website und die darin enthaltenen Informationen dienen ausschlie\u00dflich Informationszwecken. Jegliche Vervielf\u00e4ltigung, Weiterverbreitung oder sonstige Nutzung ist strengstens untersagt.<\/p>\t\t\t\t<\/div>\n\t\t\t\t<\/div>\n\t\t\t\t<\/div>\n\t\t<div class=\"elementor-element elementor-element-194ae4d e-con-full e-flex e-con e-child\" data-id=\"194ae4d\" data-element_type=\"container\" data-e-type=\"container\" data-settings=\"{&quot;background_background&quot;:&quot;classic&quot;}\">\n\t\t<div class=\"elementor-element elementor-element-cd81196 e-con-full e-flex e-con e-child\" data-id=\"cd81196\" data-element_type=\"container\" data-e-type=\"container\">\n\t\t\t\t<div class=\"elementor-element elementor-element-9681a3c c-paragraph__headline elementor-widget elementor-widget-heading\" data-id=\"9681a3c\" data-element_type=\"widget\" data-e-type=\"widget\" data-widget_type=\"heading.default\">\n\t\t\t\t\t<h2 class=\"elementor-heading-title elementor-size-default\">Links<\/h2>\t\t\t\t<\/div>\n\t\t\t\t<\/div>\n\t\t<div class=\"elementor-element elementor-element-90b86eb e-con-full e-flex e-con e-child\" data-id=\"90b86eb\" data-element_type=\"container\" data-e-type=\"container\">\n\t\t\t\t<div class=\"elementor-element elementor-element-5db14fb c-paragraph__copy elementor-widget elementor-widget-heading\" data-id=\"5db14fb\" data-element_type=\"widget\" data-e-type=\"widget\" data-widget_type=\"heading.default\">\n\t\t\t\t\t<p class=\"elementor-heading-title elementor-size-default\">Die Website der DocMorris AG enth\u00e4lt Links zu Websites Dritter. Die DocMorris AG ist nicht verantwortlich f\u00fcr Inhalte Dritter, die \u00fcber solche Links zug\u00e4nglich sind. Alle Links zu Websites Dritter werden ausschlie\u00dflich aus Gr\u00fcnden der Benutzerfreundlichkeit bereitgestellt. Wir \u00e4u\u00dfern keine Meinung zum Inhalt von Websites Dritter und lehnen ausdr\u00fccklich jegliche Haftung f\u00fcr s\u00e4mtliche Informationen Dritter und deren Nutzung ab.<\/p>\t\t\t\t<\/div>\n\t\t\t\t<\/div>\n\t\t\t\t<\/div>\n\t\t\t\t<\/div>\n\t\t\t\t\t<\/div>\n\t\t\t\t<\/div>\n\t\t\t\t<\/div>\n\t\t","protected":false},"excerpt":{"rendered":"<p>Rechtliche Hinweise Inhalt Obwohl die auf der Website der DocMorris AG, einschlie\u00dflich aller Unterseiten (zusammen die \u201eWebsite\u201c), enthaltenen Informationen mit der gebotenen Sorgfalt erstellt und auf dem neuesten Stand gehalten werden, \u00fcbernimmt die DocMorris AG keine Gew\u00e4hrleistung oder Garantie hinsichtlich ihrer Richtigkeit, Vollst\u00e4ndigkeit oder Eignung f\u00fcr einen bestimmten Zweck. Die Nutzung der auf der Website [&hellip;]<\/p>\n","protected":false},"author":1,"featured_media":0,"parent":0,"menu_order":0,"comment_status":"closed","ping_status":"closed","template":"","meta":{"_acf_changed":false,"footnotes":""},"class_list":["post-4446","page","type-page","status-publish","hentry"],"acf":[],"_links":{"self":[{"href":"https:\/\/corporate.docmorris.com\/de\/wp-json\/wp\/v2\/pages\/4446","targetHints":{"allow":["GET"]}}],"collection":[{"href":"https:\/\/corporate.docmorris.com\/de\/wp-json\/wp\/v2\/pages"}],"about":[{"href":"https:\/\/corporate.docmorris.com\/de\/wp-json\/wp\/v2\/types\/page"}],"author":[{"embeddable":true,"href":"https:\/\/corporate.docmorris.com\/de\/wp-json\/wp\/v2\/users\/1"}],"replies":[{"embeddable":true,"href":"https:\/\/corporate.docmorris.com\/de\/wp-json\/wp\/v2\/comments?post=4446"}],"version-history":[{"count":3,"href":"https:\/\/corporate.docmorris.com\/de\/wp-json\/wp\/v2\/pages\/4446\/revisions"}],"predecessor-version":[{"id":4952,"href":"https:\/\/corporate.docmorris.com\/de\/wp-json\/wp\/v2\/pages\/4446\/revisions\/4952"}],"wp:attachment":[{"href":"https:\/\/corporate.docmorris.com\/de\/wp-json\/wp\/v2\/media?parent=4446"}],"curies":[{"name":"wp","href":"https:\/\/api.w.org\/{rel}","templated":true}]}}