{"id":4442,"date":"2026-02-16T00:21:06","date_gmt":"2026-02-16T00:21:06","guid":{"rendered":"https:\/\/corporate.docmorris.com\/?page_id=4442"},"modified":"2026-03-11T13:33:52","modified_gmt":"2026-03-11T13:33:52","slug":"impressum","status":"publish","type":"page","link":"https:\/\/corporate.docmorris.com\/de\/impressum\/","title":{"rendered":"04. Impressum (DE)"},"content":{"rendered":"\t\t<div data-elementor-type=\"wp-page\" data-elementor-id=\"4442\" class=\"elementor elementor-4442 elementor-4057\" data-elementor-post-type=\"page\">\n\t\t\t\t<div class=\"elementor-element elementor-element-6200c04 e-flex e-con-boxed e-con e-parent\" data-id=\"6200c04\" data-element_type=\"container\" data-e-type=\"container\">\n\t\t\t\t\t<div class=\"e-con-inner\">\n\t\t\t\t<div class=\"elementor-element elementor-element-1d18ef2 elementor-widget elementor-widget-template\" data-id=\"1d18ef2\" data-element_type=\"widget\" data-e-type=\"widget\" data-widget_type=\"template.default\">\n\t\t\t\t<div class=\"elementor-widget-container\">\n\t\t\t\t\t\t\t<div class=\"elementor-template\">\n\t\t\t\t\t<div data-elementor-type=\"container\" data-elementor-id=\"5197\" class=\"elementor elementor-5197\" data-elementor-post-type=\"elementor_library\">\n\t\t\t\t<div class=\"elementor-element elementor-element-6b065d50 m-section e-con-full e-flex e-con e-child\" data-id=\"6b065d50\" data-element_type=\"container\" data-e-type=\"container\">\n\t\t<div class=\"elementor-element elementor-element-53790910 e-grid e-con-full w-section__grid p-about-us__grid e-con e-child\" data-id=\"53790910\" data-element_type=\"container\" data-e-type=\"container\">\n\t\t<div class=\"elementor-element elementor-element-2ce00798 e-con-full e-flex e-con e-child\" data-id=\"2ce00798\" data-element_type=\"container\" data-e-type=\"container\" data-settings=\"{&quot;background_background&quot;:&quot;classic&quot;}\">\n\t\t<div class=\"elementor-element elementor-element-d9c7b94 e-con-full e-flex e-con e-child\" data-id=\"d9c7b94\" data-element_type=\"container\" data-e-type=\"container\">\n\t\t\t\t<div class=\"elementor-element elementor-element-2d2806d2 p-about-us__title elementor-widget elementor-widget-text-editor\" data-id=\"2d2806d2\" data-element_type=\"widget\" data-e-type=\"widget\" data-widget_type=\"text-editor.default\">\n\t\t\t\t\t\t\t\t\t<h1 class=\"p-hero__title p-about-us__title\"><span class=\"p-handwriting c-paragraph__handwriting\">DocMorris<\/span><\/h1>\n<h1>Impressum<\/h1>\n\t\t\t\t\t\t\t\t<\/div>\n\t\t\t\t<\/div>\n\t\t<div class=\"elementor-element elementor-element-75b56826 e-con-full e-flex e-con e-child\" data-id=\"75b56826\" data-element_type=\"container\" data-e-type=\"container\">\n\t\t\t\t<div class=\"elementor-element elementor-element-ab2fb89 elementor-widget elementor-widget-heading\" data-id=\"ab2fb89\" data-element_type=\"widget\" data-e-type=\"widget\" data-widget_type=\"heading.default\">\n\t\t\t\t\t<p class=\"elementor-heading-title elementor-size-default\">DocMorris AG<\/p>\t\t\t\t<\/div>\n\t\t\t\t<div class=\"elementor-element elementor-element-106e90db elementor-widget elementor-widget-heading\" data-id=\"106e90db\" data-element_type=\"widget\" data-e-type=\"widget\" data-widget_type=\"heading.default\">\n\t\t\t\t\t<p class=\"elementor-heading-title elementor-size-default\">Corporate Communications <br>Walzm\u00fchlestrasse 49 <br>CH-8500 Frauenfeld <br>Switzerland<\/p>\t\t\t\t<\/div>\n\t\t\t\t<\/div>\n\t\t\t\t<\/div>\n\t\t<div class=\"elementor-element elementor-element-63ff4073 e-con-full m-teaser__media e-flex e-con e-child\" data-id=\"63ff4073\" data-element_type=\"container\" data-e-type=\"container\" data-settings=\"{&quot;background_background&quot;:&quot;classic&quot;}\">\n\t\t\t\t<div class=\"elementor-element elementor-element-3df7f254 c-media elementor-widget elementor-widget-image\" data-id=\"3df7f254\" data-element_type=\"widget\" data-e-type=\"widget\" data-widget_type=\"image.default\">\n\t\t\t\t\t\t\t\t\t\t\t\t\t\t\t<img fetchpriority=\"high\" decoding=\"async\" width=\"1403\" height=\"1280\" src=\"https:\/\/corporate.docmorris.com\/wp-content\/uploads\/2026\/02\/DocMorris-1-1.png\" class=\"attachment-full size-full wp-image-3671\" alt=\"\" srcset=\"https:\/\/corporate.docmorris.com\/wp-content\/uploads\/2026\/02\/DocMorris-1-1.png 1403w, https:\/\/corporate.docmorris.com\/wp-content\/uploads\/2026\/02\/DocMorris-1-1-300x274.png 300w, https:\/\/corporate.docmorris.com\/wp-content\/uploads\/2026\/02\/DocMorris-1-1-1024x934.png 1024w, https:\/\/corporate.docmorris.com\/wp-content\/uploads\/2026\/02\/DocMorris-1-1-768x701.png 768w\" sizes=\"(max-width: 1403px) 100vw, 1403px\" title=\"\">\t\t\t\t\t\t\t\t\t\t\t\t\t\t\t<\/div>\n\t\t\t\t<\/div>\n\t\t\t\t<\/div>\n\t\t\t\t<\/div>\n\t\t\t\t<\/div>\n\t\t\t\t<\/div>\n\t\t\t\t\t\t<\/div>\n\t\t\t\t<\/div>\n\t\t\t\t<div class=\"elementor-element elementor-element-9356e26 elementor-widget elementor-widget-template\" data-id=\"9356e26\" data-element_type=\"widget\" data-e-type=\"widget\" data-widget_type=\"template.default\">\n\t\t\t\t<div class=\"elementor-widget-container\">\n\t\t\t\t\t\t\t<div class=\"elementor-template\">\n\t\t\t\t\t<div data-elementor-type=\"container\" data-elementor-id=\"5200\" class=\"elementor elementor-5200\" data-elementor-post-type=\"elementor_library\">\n\t\t\t\t<div class=\"elementor-element elementor-element-3677e91c e-flex e-con-boxed e-con e-parent\" data-id=\"3677e91c\" data-element_type=\"container\" data-e-type=\"container\" data-settings=\"{&quot;background_background&quot;:&quot;classic&quot;}\">\n\t\t\t\t\t<div class=\"e-con-inner\">\n\t\t<div class=\"elementor-element elementor-element-40bf106c e-con-full m-grid__doc w-section__grid e-grid e-con e-child\" data-id=\"40bf106c\" data-element_type=\"container\" data-e-type=\"container\">\n\t\t<div class=\"elementor-element elementor-element-41283423 e-con-full e-flex e-con e-child\" data-id=\"41283423\" data-element_type=\"container\" data-e-type=\"container\">\n\t\t\t\t<div class=\"elementor-element elementor-element-1c08ddce elementor-widget elementor-widget-heading\" data-id=\"1c08ddce\" data-element_type=\"widget\" data-e-type=\"widget\" data-widget_type=\"heading.default\">\n\t\t\t\t\t<span class=\"elementor-heading-title elementor-size-default\">Kontakt<\/span>\t\t\t\t<\/div>\n\t\t\t\t<div class=\"elementor-element elementor-element-5c3fe581 elementor-widget elementor-widget-text-editor\" data-id=\"5c3fe581\" data-element_type=\"widget\" data-e-type=\"widget\" data-widget_type=\"text-editor.default\">\n\t\t\t\t\t\t\t\t\t<p class=\"s6\"><strong><span class=\"s4\">Email: <\/span><\/strong><a href=\"mailto:info@docmorris.com\"><span class=\"s7\">info@docmorris.com<\/span><\/a><\/p>\n<p class=\"s6\"><strong><span class=\"s4\">Webseite:<\/span><\/strong> <a href=\"https:\/\/www.docmorris.com\/\" target=\"_blank\" rel=\"noopener\"><span class=\"s8\">www.docmorris.com<\/span><\/a><\/p>\n\t\t\t\t\t\t\t\t<\/div>\n\t\t\t\t<\/div>\n\t\t\t\t<\/div>\n\t\t\t\t\t<\/div>\n\t\t\t\t<\/div>\n\t\t\t\t<\/div>\n\t\t\t\t<\/div>\n\t\t\t\t\t\t<\/div>\n\t\t\t\t<\/div>\n\t\t<div class=\"elementor-element elementor-element-38cd8fc0 m-section e-con-full e-flex e-con e-child\" data-id=\"38cd8fc0\" data-element_type=\"container\" data-e-type=\"container\">\n\t\t<div class=\"elementor-element elementor-element-681fb588 e-con-full e-grid w-section__grid p-about-us__grid e-con e-child\" data-id=\"681fb588\" data-element_type=\"container\" data-e-type=\"container\">\n\t\t\t\t<div class=\"elementor-element elementor-element-c6c7085 elementor-widget elementor-widget-text-editor\" data-id=\"c6c7085\" data-element_type=\"widget\" data-e-type=\"widget\" data-widget_type=\"text-editor.default\">\n\t\t\t\t\t\t\t\t\t<h2 class=\"s3\"><strong><span class=\"c-head__title\">Nutzungsbedingungen<\/span><\/strong><\/h2><p class=\"s6\"><span class=\"s7\">Diese Website kann Links (Hyperlinks) zu Websites Dritter enthalten. Solche Links dienen ausschlie\u00dflich der Benutzerfreundlichkeit. Die DocMorris AG hat keinen Einfluss auf Inhalte, Verf\u00fcgbarkeit und Funktion dieser externen Websites und macht sich diese Inhalte nicht zu eigen. Sie \u00fcberwacht verlinkte Inhalte nicht fortlaufend. Bei Kenntnis von Rechtsverletzungen werden entsprechende Links unverz\u00fcglich entfernt.    <\/span><\/p><p class=\"s6\"><span class=\"s7\">Die Haftung f\u00fcr Inhalte und Angebote verlinkter Drittseiten liegt ausschlie\u00dflich beim jeweiligen Betreiber. Die Nutzung verlinkter Seiten erfolgt auf eigenes Risiko der Nutzenden. In F\u00e4llen des sog. \u201eFramings\u201c oder \u201eInline-Linkings\u201c kann ein unzutreffender Eindruck der Zueigenmachung entstehen; die DocMorris AG verwendet derartige Einbindungen nicht mit dem Ziel, fremde Inhalte als eigene darzustellen. Hinweise auf m\u00f6gliche Rechtsverletzungen durch verlinkte Inhalte nimmt die DocMorris AG unter den im Impressum genannten Kontaktdaten entgegen.   <\/span><\/p><p class=\"s6\"><span class=\"s7\">Die Inhalte dieser Website wurden mit der gebotenen Sorgfalt erstellt und werden laufend gepflegt. Gleichwohl \u00fcbernimmt die DocMorris AG keine Gew\u00e4hr f\u00fcr die Richtigkeit, Vollst\u00e4ndigkeit, Aktualit\u00e4t und st\u00e4ndige Verf\u00fcgbarkeit der bereitgestellten Informationen. Soweit gesetzlich zul\u00e4ssig, schlie\u00dft die DocMorris AG jede Haftung f\u00fcr direkte oder indirekte Sch\u00e4den aus, die aus der Nutzung oder Nichtnutzung der Website und ihrer Inhalte entstehen.  <\/span><\/p><p class=\"s6\"><span class=\"s7\">Die DocMorris AG beh\u00e4lt sich vor, Inhalte jederzeit ohne Ank\u00fcndigung zu \u00e4ndern, zu erg\u00e4nzen oder zu l\u00f6schen sowie den Betrieb der Website vor\u00fcbergehend oder dauerhaft einzustellen.<br><br><br><\/span><\/p><p> <\/p><h2><span class=\"c-head__title\"><b>Urheberrecht und Markenschutz<\/b><\/span><\/h2><p class=\"s6\"><span class=\"s7\">Sofern nicht anders angegeben, sind s\u00e4mtliche auf dieser Website ver\u00f6ffentlichten Inhalte (insbesondere Texte, Bilder, Grafiken, Ton-, Video- und Animationsdateien sowie deren Anordnung) urheberrechtlich gesch\u00fctzt. Jede Nutzung, insbesondere Vervielf\u00e4ltigung, Verbreitung, \u00f6ffentliche Wiedergabe, Bearbeitung, \u00dcbersetzung, Speicherung, Verarbeitung oder Wiedergabe in Datenbanken oder anderen elektronischen Medien und Systemen, bedarf der vorherigen schriftlichen Zustimmung der DocMorris AG oder der jeweils genannten Rechteinhaber, soweit keine gesetzliche Schranke eingreift (z.B. gesetzlich zul\u00e4ssiges Zitat). Die blo\u00dfe Nutzung der Website begr\u00fcndet keinerlei Lizenz- oder Nutzungsrechte an den Inhalten.  <\/span><\/p><p class=\"s6\"><span class=\"s7\">Downloads und Kopien von Inhalten sind \u2013 sofern ausdr\u00fccklich angeboten \u2013 ausschlie\u00dflich f\u00fcr den privaten, nicht kommerziellen Gebrauch gestattet; weitergehende Nutzungen sind untersagt, sofern keine ausdr\u00fcckliche Einwilligung vorliegt. Gesetzlich zwingende Schranken des schweizerischen Urheberrechts bleiben unber\u00fchrt. <\/span><\/p><p class=\"s6\"><span class=\"s7\">DocMorris\u201c, Wort-\/Bildmarken, Logos, sonstige Kennzeichen sowie gesch\u00fctzte Produkt- und Unternehmensbezeichnungen sind Marken oder gesch\u00e4ftliche Bezeichnungen der DocMorris AG und\/oder der mit ihr verbundenen Unternehmen bzw. von Dritten. Ohne vorherige schriftliche Zustimmung des jeweiligen Rechteinhabers ist jede Nutzung dieser Marken\/Logos \u2013 insbesondere Reproduktion, Verbreitung, \u00f6ffentliche Wiedergabe, Bearbeitung, Kennzeichenverwendung in Metatags\/Keywords, Domainnamen, Social-Media-Handles oder als Herkunftshinweis f\u00fcr eigene Waren\/Dienstleistungen \u2013 unzul\u00e4ssig. <\/span><\/p><p class=\"s6\"><span class=\"s7\">Die unbefugte Nutzung fremder Marken, Logos oder gesch\u00e4ftlicher Bezeichnungen kann Marken-, Lauterkeits- und sonstige Rechte verletzen und zivil- wie strafrechtliche Folgen haben.<\/span><\/p><p class=\"s6\"><span class=\"s7\">Inhalte Dritter sind als solche gekennzeichnet oder aus dem Kontext erkennbar. Rechte an solchen Inhalten verbleiben beim jeweiligen Rechteinhaber. Bei Beanstandungen (z.B. behaupteter Urheber- oder Markenrechtsverletzungen) wird um entsprechende Mitteilung an die im Impressum genannten Kontaktdaten gebeten; nach Pr\u00fcfung werden berechtigte Inhalte entfernt oder die Nutzung angepasst.<br><br><br>  <\/span><\/p><p class=\"s6\"><span class=\"s7\"> <\/span><\/p><p> <\/p><h2 class=\"s9\"><span class=\"c-head__title\">Nutzungbeschr\u00e4nkungen<\/span><\/h2><p class=\"s6\">Jegliche Nutzung der Website, die die Sicherheit der Systeme beeintr\u00e4chtigt, gesetzliche Vorschriften verletzt oder Rechte Dritter (einschlie\u00dflich Urheber\u2011 und Markenrechte) verletzt, ist untersagt. Unzul\u00e4ssig sind insbesondere Manipulationen, Umgehung von Sicherheitsmechanismen sowie eine Nutzung der Inhalte entgegen den oben genannten Beschr\u00e4nkungen.<br><br><br><\/p><p class=\"s6\"><span class=\"s7\"> <\/span><\/p><p> <\/p><h2 class=\"s9\"><span class=\"c-head__title\">Anwendbares Recht und Gerichtsstand<\/span><\/h2><p class=\"s6\"><span class=\"s7\">Diese Website sowie die Nutzung der darauf bereitgestellten Informationen unterliegen materiellem schweizerischem Recht unter Ausschluss der Kollisionsnormen und internationaler \u00dcbereinkommen, soweit keine zwingenden Bestimmungen am Wohnsitz der Nutzerinnen und Nutzer entgegenstehen.<\/span><\/p><p class=\"s6\"><span class=\"s7\">F\u00fcr Streitigkeiten aus oder im Zusammenhang mit der Nutzung dieser Website sind die Gerichte am Sitz der DocMorris AG zust\u00e4ndig. Bei Konsumentinnen und Konsumenten gilt dieser Gerichtsstand nur, soweit kein zwingender Gerichtsstand am Wohnsitz nach anwendbarem Recht besteht. <\/span><\/p>\t\t\t\t\t\t\t\t<\/div>\n\t\t\t\t<\/div>\n\t\t\t\t<\/div>\n\t\t\t\t\t<\/div>\n\t\t\t\t<\/div>\n\t\t\t\t<\/div>\n\t\t","protected":false},"excerpt":{"rendered":"<p>Nutzungsbedingungen Diese Website kann Links (Hyperlinks) zu Websites Dritter enthalten. Solche Links dienen ausschlie\u00dflich der Benutzerfreundlichkeit. Die DocMorris AG hat keinen Einfluss auf Inhalte, Verf\u00fcgbarkeit und Funktion dieser externen Websites und macht sich diese Inhalte nicht zu eigen. Sie \u00fcberwacht verlinkte Inhalte nicht fortlaufend. Bei Kenntnis von Rechtsverletzungen werden entsprechende Links unverz\u00fcglich entfernt. Die Haftung [&hellip;]<\/p>\n","protected":false},"author":1,"featured_media":0,"parent":0,"menu_order":0,"comment_status":"closed","ping_status":"closed","template":"","meta":{"_acf_changed":false,"footnotes":""},"class_list":["post-4442","page","type-page","status-publish","hentry"],"acf":[],"_links":{"self":[{"href":"https:\/\/corporate.docmorris.com\/de\/wp-json\/wp\/v2\/pages\/4442","targetHints":{"allow":["GET"]}}],"collection":[{"href":"https:\/\/corporate.docmorris.com\/de\/wp-json\/wp\/v2\/pages"}],"about":[{"href":"https:\/\/corporate.docmorris.com\/de\/wp-json\/wp\/v2\/types\/page"}],"author":[{"embeddable":true,"href":"https:\/\/corporate.docmorris.com\/de\/wp-json\/wp\/v2\/users\/1"}],"replies":[{"embeddable":true,"href":"https:\/\/corporate.docmorris.com\/de\/wp-json\/wp\/v2\/comments?post=4442"}],"version-history":[{"count":8,"href":"https:\/\/corporate.docmorris.com\/de\/wp-json\/wp\/v2\/pages\/4442\/revisions"}],"predecessor-version":[{"id":5221,"href":"https:\/\/corporate.docmorris.com\/de\/wp-json\/wp\/v2\/pages\/4442\/revisions\/5221"}],"wp:attachment":[{"href":"https:\/\/corporate.docmorris.com\/de\/wp-json\/wp\/v2\/media?parent=4442"}],"curies":[{"name":"wp","href":"https:\/\/api.w.org\/{rel}","templated":true}]}}