{"id":3670,"date":"2026-01-28T21:18:09","date_gmt":"2026-01-28T21:18:09","guid":{"rendered":"https:\/\/corporate.docmorris.com\/02-3-2-maerkte-marken-de\/"},"modified":"2026-03-11T13:32:47","modified_gmt":"2026-03-11T13:32:47","slug":"maerkte-und-marken","status":"publish","type":"page","link":"https:\/\/corporate.docmorris.com\/de\/ueber-uns\/business\/maerkte-und-marken\/","title":{"rendered":"02.3.2. M\u00e4rkte &amp; Marken (DE)"},"content":{"rendered":"\t\t<div data-elementor-type=\"wp-page\" data-elementor-id=\"3670\" class=\"elementor elementor-3670 elementor-1598\" data-elementor-post-type=\"page\">\n\t\t\t\t<div class=\"elementor-element elementor-element-7cad003 e-flex e-con-boxed e-con e-parent\" data-id=\"7cad003\" data-element_type=\"container\" data-e-type=\"container\">\n\t\t\t\t\t<div class=\"e-con-inner\">\n\t\t\t\t<div class=\"elementor-element elementor-element-cb769ac elementor-widget elementor-widget-template\" data-id=\"cb769ac\" data-element_type=\"widget\" data-e-type=\"widget\" data-widget_type=\"template.default\">\n\t\t\t\t<div class=\"elementor-widget-container\">\n\t\t\t\t\t\t\t<div class=\"elementor-template\">\n\t\t\t\t\t<div data-elementor-type=\"container\" data-elementor-id=\"3299\" class=\"elementor elementor-3299\" data-elementor-post-type=\"elementor_library\">\n\t\t\t\t<div class=\"elementor-element elementor-element-7c774852 m-section e-con-full e-flex e-con e-child\" data-id=\"7c774852\" data-element_type=\"container\" data-e-type=\"container\">\n\t\t<div class=\"elementor-element elementor-element-43abcba9 e-grid e-con-full w-section__grid p-about-us__grid e-con e-child\" data-id=\"43abcba9\" data-element_type=\"container\" data-e-type=\"container\">\n\t\t<div class=\"elementor-element elementor-element-44d42556 e-con-full e-flex e-con e-child\" data-id=\"44d42556\" data-element_type=\"container\" data-e-type=\"container\" data-settings=\"{&quot;background_background&quot;:&quot;classic&quot;}\">\n\t\t<div class=\"elementor-element elementor-element-33742907 e-con-full e-flex e-con e-child\" data-id=\"33742907\" data-element_type=\"container\" data-e-type=\"container\">\n\t\t\t\t<div class=\"elementor-element elementor-element-73b417e7 p-about-us__title elementor-widget elementor-widget-text-editor\" data-id=\"73b417e7\" data-element_type=\"widget\" data-e-type=\"widget\" data-widget_type=\"text-editor.default\">\n\t\t\t\t\t\t\t\t\t<h1 class=\"p-hero__title p-about-us__title\"><span class=\"p-handwriting c-paragraph__handwriting\">Internationale<\/span><\/h1>\n<h1>M\u00e4rkte und Marken<\/h1>\n\t\t\t\t\t\t\t\t<\/div>\n\t\t\t\t<\/div>\n\t\t<div class=\"elementor-element elementor-element-144f9c29 e-con-full e-flex e-con e-child\" data-id=\"144f9c29\" data-element_type=\"container\" data-e-type=\"container\">\n\t\t\t\t<div class=\"elementor-element elementor-element-447040b7 c-paragraph__copy elementor-widget elementor-widget-heading\" data-id=\"447040b7\" data-element_type=\"widget\" data-e-type=\"widget\" data-widget_type=\"heading.default\">\n\t\t\t\t\t<p class=\"elementor-heading-title elementor-size-default\">Als eine der f\u00fchrenden Online-Apotheken Europas nutzen wir unser Know-how im Bereich E-Commerce und Gesundheitssysteme, um unseren Patienten und Kunden erstklassige digitale Gesundheitsl\u00f6sungen zu bieten. Derzeit konzentriert sich unser Gesch\u00e4ft auf drei Schl\u00fcsselm\u00e4rkte: Deutschland, Spanien und Frankreich. <\/p>\t\t\t\t<\/div>\n\t\t\t\t<\/div>\n\t\t\t\t<\/div>\n\t\t<div class=\"elementor-element elementor-element-4de7f64b e-con-full m-teaser__media e-flex e-con e-child\" data-id=\"4de7f64b\" data-element_type=\"container\" data-e-type=\"container\" data-settings=\"{&quot;background_background&quot;:&quot;classic&quot;}\">\n\t\t\t\t<div class=\"elementor-element elementor-element-100be1b6 c-media elementor-widget elementor-widget-image\" data-id=\"100be1b6\" data-element_type=\"widget\" data-e-type=\"widget\" data-widget_type=\"image.default\">\n\t\t\t\t\t\t\t\t\t\t\t\t\t\t\t<img fetchpriority=\"high\" decoding=\"async\" width=\"1403\" height=\"1280\" src=\"https:\/\/corporate.docmorris.com\/wp-content\/uploads\/2026\/02\/DocMorris-1-1.png\" class=\"attachment-full size-full wp-image-3671\" alt=\"\" srcset=\"https:\/\/corporate.docmorris.com\/wp-content\/uploads\/2026\/02\/DocMorris-1-1.png 1403w, https:\/\/corporate.docmorris.com\/wp-content\/uploads\/2026\/02\/DocMorris-1-1-300x274.png 300w, https:\/\/corporate.docmorris.com\/wp-content\/uploads\/2026\/02\/DocMorris-1-1-1024x934.png 1024w, https:\/\/corporate.docmorris.com\/wp-content\/uploads\/2026\/02\/DocMorris-1-1-768x701.png 768w\" sizes=\"(max-width: 1403px) 100vw, 1403px\" title=\"\">\t\t\t\t\t\t\t\t\t\t\t\t\t\t\t<\/div>\n\t\t\t\t<\/div>\n\t\t\t\t<\/div>\n\t\t\t\t<\/div>\n\t\t\t\t<\/div>\n\t\t\t\t<\/div>\n\t\t\t\t\t\t<\/div>\n\t\t\t\t<\/div>\n\t\t\t\t<div class=\"elementor-element elementor-element-d88ea72 elementor-widget elementor-widget-template\" data-id=\"d88ea72\" data-element_type=\"widget\" data-e-type=\"widget\" data-widget_type=\"template.default\">\n\t\t\t\t<div class=\"elementor-widget-container\">\n\t\t\t\t\t\t\t<div class=\"elementor-template\">\n\t\t\t\t\t<div data-elementor-type=\"container\" data-elementor-id=\"3308\" class=\"elementor elementor-3308\" data-elementor-post-type=\"elementor_library\">\n\t\t\t\t<div class=\"elementor-element elementor-element-3ca230fe e-con-full m-section e-flex e-con e-child\" data-id=\"3ca230fe\" data-element_type=\"container\" data-e-type=\"container\">\n\t\t<div class=\"elementor-element elementor-element-5254aa8d e-con-full e-grid w-section__grid p-about-us__grid e-con e-child\" data-id=\"5254aa8d\" data-element_type=\"container\" data-e-type=\"container\">\n\t\t<div class=\"elementor-element elementor-element-36b9de3f e-con-full e-flex e-con e-child\" data-id=\"36b9de3f\" data-element_type=\"container\" data-e-type=\"container\" data-settings=\"{&quot;background_background&quot;:&quot;classic&quot;}\">\n\t\t\t\t<div class=\"elementor-element elementor-element-47543b00 c-paragraph__headline elementor-widget elementor-widget-heading\" data-id=\"47543b00\" data-element_type=\"widget\" data-e-type=\"widget\" data-widget_type=\"heading.default\">\n\t\t\t\t\t<h2 class=\"elementor-heading-title elementor-size-default\">Unsere Schl\u00fcsselm\u00e4rkte<\/h2>\t\t\t\t<\/div>\n\t\t\t\t<\/div>\n\t\t<div class=\"elementor-element elementor-element-7050c5fd e-con-full e-flex e-con e-child\" data-id=\"7050c5fd\" data-element_type=\"container\" data-e-type=\"container\">\n\t\t\t\t<div class=\"elementor-element elementor-element-2c7bd63 elementor-hidden-tablet elementor-hidden-mobile elementor-widget elementor-widget-image\" data-id=\"2c7bd63\" data-element_type=\"widget\" data-e-type=\"widget\" data-widget_type=\"image.default\">\n\t\t\t\t\t\t\t\t\t\t\t\t\t\t\t<img decoding=\"async\" width=\"1490\" height=\"1000\" src=\"https:\/\/corporate.docmorris.com\/wp-content\/uploads\/2026\/02\/DocMorris-Markets-Brands-2.webp\" class=\"attachment-full size-full wp-image-3672\" alt=\"\" srcset=\"https:\/\/corporate.docmorris.com\/wp-content\/uploads\/2026\/02\/DocMorris-Markets-Brands-2.webp 1490w, https:\/\/corporate.docmorris.com\/wp-content\/uploads\/2026\/02\/DocMorris-Markets-Brands-2-300x201.webp 300w, https:\/\/corporate.docmorris.com\/wp-content\/uploads\/2026\/02\/DocMorris-Markets-Brands-2-1024x687.webp 1024w, https:\/\/corporate.docmorris.com\/wp-content\/uploads\/2026\/02\/DocMorris-Markets-Brands-2-768x515.webp 768w\" sizes=\"(max-width: 1490px) 100vw, 1490px\" title=\"\">\t\t\t\t\t\t\t\t\t\t\t\t\t\t\t<\/div>\n\t\t\t\t<div class=\"elementor-element elementor-element-68c1db31 elementor-hidden-desktop elementor-widget elementor-widget-image\" data-id=\"68c1db31\" data-element_type=\"widget\" data-e-type=\"widget\" data-widget_type=\"image.default\">\n\t\t\t\t\t\t\t\t\t\t\t\t\t\t\t<img decoding=\"async\" width=\"1000\" height=\"1581\" src=\"https:\/\/corporate.docmorris.com\/wp-content\/uploads\/2026\/02\/DocMorris-Markets-Brands-1.webp\" class=\"attachment-full size-full wp-image-3680\" alt=\"\" srcset=\"https:\/\/corporate.docmorris.com\/wp-content\/uploads\/2026\/02\/DocMorris-Markets-Brands-1.webp 1000w, https:\/\/corporate.docmorris.com\/wp-content\/uploads\/2026\/02\/DocMorris-Markets-Brands-1-190x300.webp 190w, https:\/\/corporate.docmorris.com\/wp-content\/uploads\/2026\/02\/DocMorris-Markets-Brands-1-648x1024.webp 648w, https:\/\/corporate.docmorris.com\/wp-content\/uploads\/2026\/02\/DocMorris-Markets-Brands-1-768x1214.webp 768w, https:\/\/corporate.docmorris.com\/wp-content\/uploads\/2026\/02\/DocMorris-Markets-Brands-1-972x1536.webp 972w\" sizes=\"(max-width: 1000px) 100vw, 1000px\" title=\"\">\t\t\t\t\t\t\t\t\t\t\t\t\t\t\t<\/div>\n\t\t\t\t<\/div>\n\t\t\t\t<\/div>\n\t\t\t\t<\/div>\n\t\t\t\t<\/div>\n\t\t\t\t<\/div>\n\t\t\t\t\t\t<\/div>\n\t\t\t\t<\/div>\n\t\t\t\t<div class=\"elementor-element elementor-element-8e9d56e elementor-widget elementor-widget-template\" data-id=\"8e9d56e\" data-element_type=\"widget\" data-e-type=\"widget\" data-widget_type=\"template.default\">\n\t\t\t\t<div class=\"elementor-widget-container\">\n\t\t\t\t\t\t\t<div class=\"elementor-template\">\n\t\t\t\t\t<div data-elementor-type=\"container\" data-elementor-id=\"3302\" class=\"elementor elementor-3302\" data-elementor-post-type=\"elementor_library\">\n\t\t\t\t<div class=\"elementor-element elementor-element-5d05ea49 m-section e-con-full e-flex e-con e-child\" data-id=\"5d05ea49\" data-element_type=\"container\" data-e-type=\"container\">\n\t\t<div class=\"elementor-element elementor-element-2cf359a8 e-grid e-con-full w-section__grid p-market-n-brand__brandsViewport e-con e-child\" data-id=\"2cf359a8\" data-element_type=\"container\" data-e-type=\"container\">\n\t\t<div class=\"elementor-element elementor-element-3fd18175 e-con-full e-flex e-con e-child\" data-id=\"3fd18175\" data-element_type=\"container\" data-e-type=\"container\" data-settings=\"{&quot;background_background&quot;:&quot;classic&quot;}\">\n\t\t<div class=\"elementor-element elementor-element-42fc508a e-con-full e-flex e-con e-child\" data-id=\"42fc508a\" data-element_type=\"container\" data-e-type=\"container\">\n\t\t\t\t<div class=\"elementor-element elementor-element-2dd9dc43 c-paragraph__headline elementor-widget elementor-widget-heading\" data-id=\"2dd9dc43\" data-element_type=\"widget\" data-e-type=\"widget\" data-widget_type=\"heading.default\">\n\t\t\t\t\t<h2 class=\"elementor-heading-title elementor-size-default\">Starke Markenpr\u00e4senz in Europa<\/h2>\t\t\t\t<\/div>\n\t\t\t\t<\/div>\n\t\t<div class=\"elementor-element elementor-element-5b671a49 e-con-full e-flex e-con e-child\" data-id=\"5b671a49\" data-element_type=\"container\" data-e-type=\"container\">\n\t\t\t\t<div class=\"elementor-element elementor-element-503ee316 c-paragraph__copy elementor-widget elementor-widget-heading\" data-id=\"503ee316\" data-element_type=\"widget\" data-e-type=\"widget\" data-widget_type=\"heading.default\">\n\t\t\t\t\t<p class=\"elementor-heading-title elementor-size-default\">DocMorris ist international pr\u00e4sent und Deutschlands bekannteste Gesundheitsplattform. Unsere Markenkooperationen mit den Online-Apotheken medpex und Apotal erg\u00e4nzen unser Leistungsportfolio. <\/p>\t\t\t\t<\/div>\n\t\t\t\t<\/div>\n\t\t\t\t<\/div>\n\t\t<div class=\"elementor-element elementor-element-64216583 e-con-full e-grid p-market-n-brand__brandsTrack e-con e-child\" data-id=\"64216583\" data-element_type=\"container\" data-e-type=\"container\" data-settings=\"{&quot;background_background&quot;:&quot;classic&quot;}\">\n\t\t<a class=\"elementor-element elementor-element-164e820b e-con-full elementor-hidden-tablet elementor-hidden-mobile e-flex e-con e-child\" data-id=\"164e820b\" data-element_type=\"container\" data-e-type=\"container\" data-settings=\"{&quot;background_background&quot;:&quot;classic&quot;}\" href=\"https:\/\/www.docmorris.de\/\" target=\"_blank\" rel=\"noopener\">\n\t\t\t\t<\/a>\n\t\t<a class=\"elementor-element elementor-element-36e118ef e-con-full p-market-n-brand__brandCard e-flex e-con e-child\" data-id=\"36e118ef\" data-element_type=\"container\" data-e-type=\"container\" data-settings=\"{&quot;background_background&quot;:&quot;classic&quot;}\" href=\"https:\/\/www.docmorris.de\/\" target=\"_blank\" rel=\"noopener\">\n\t\t\t\t<div class=\"elementor-element elementor-element-5c308cc8 p-market-n-brand__brandLogo elementor-widget elementor-widget-image\" data-id=\"5c308cc8\" data-element_type=\"widget\" data-e-type=\"widget\" data-widget_type=\"image.default\">\n\t\t\t\t\t\t\t\t\t\t\t\t\t\t\t<img decoding=\"async\" src=\"https:\/\/corporate.docmorris.com\/wp-content\/uploads\/2026\/01\/DocMorris-Logo.svg\" class=\"attachment-full size-full wp-image-32\" alt=\"Logo DocMorris\" title=\"\">\t\t\t\t\t\t\t\t\t\t\t\t\t\t\t<\/div>\n\t\t\t\t<\/a>\n\t\t<a class=\"elementor-element elementor-element-39bd8ead e-con-full p-market-n-brand__brandCard e-flex e-con e-child\" data-id=\"39bd8ead\" data-element_type=\"container\" data-e-type=\"container\" href=\"https:\/\/www.docmorris.fr\/\" target=\"_blank\" rel=\"noopener\">\n\t\t\t\t<div class=\"elementor-element elementor-element-3b3c3ef9 p-market-n-brand__brandLogo elementor-widget elementor-widget-image\" data-id=\"3b3c3ef9\" data-element_type=\"widget\" data-e-type=\"widget\" data-widget_type=\"image.default\">\n\t\t\t\t\t\t\t\t\t\t\t\t\t\t\t<img decoding=\"async\" src=\"https:\/\/corporate.docmorris.com\/wp-content\/uploads\/2026\/02\/PromoFarma.svg\" class=\"attachment-full size-full wp-image-3675\" alt=\"\" title=\"\">\t\t\t\t\t\t\t\t\t\t\t\t\t\t\t<\/div>\n\t\t\t\t<\/a>\n\t\t<a class=\"elementor-element elementor-element-5d468d30 e-con-full p-market-n-brand__brandCard e-flex e-con e-child\" data-id=\"5d468d30\" data-element_type=\"container\" data-e-type=\"container\" href=\"https:\/\/www.docmorris.fr\/\" target=\"_blank\" rel=\"noopener\">\n\t\t\t\t<div class=\"elementor-element elementor-element-34e9b52d p-market-n-brand__brandLogo elementor-widget elementor-widget-image\" data-id=\"34e9b52d\" data-element_type=\"widget\" data-e-type=\"widget\" data-widget_type=\"image.default\">\n\t\t\t\t\t\t\t\t\t\t\t\t\t\t\t<img decoding=\"async\" src=\"https:\/\/corporate.docmorris.com\/wp-content\/uploads\/2026\/02\/DoctiPharma.svg\" class=\"attachment-full size-full wp-image-3676\" alt=\"\" title=\"\">\t\t\t\t\t\t\t\t\t\t\t\t\t\t\t<\/div>\n\t\t\t\t<\/a>\n\t\t<a class=\"elementor-element elementor-element-5377d6ed e-con-full p-market-n-brand__brandCard e-flex e-con e-child\" data-id=\"5377d6ed\" data-element_type=\"container\" data-e-type=\"container\" href=\"https:\/\/shop.apotal.de\/\" target=\"_blank\" rel=\"noopener\">\n\t\t\t\t<div class=\"elementor-element elementor-element-567b165 p-market-n-brand__brandLogo elementor-widget elementor-widget-image\" data-id=\"567b165\" data-element_type=\"widget\" data-e-type=\"widget\" data-widget_type=\"image.default\">\n\t\t\t\t\t\t\t\t\t\t\t\t\t\t\t<img decoding=\"async\" src=\"https:\/\/corporate.docmorris.com\/wp-content\/uploads\/2026\/02\/Apotal-1.svg\" class=\"attachment-full size-full wp-image-3677\" alt=\"\" title=\"\">\t\t\t\t\t\t\t\t\t\t\t\t\t\t\t<\/div>\n\t\t\t\t<\/a>\n\t\t<a class=\"elementor-element elementor-element-27e6dca9 e-con-full p-market-n-brand__brandCard e-flex e-con e-child\" data-id=\"27e6dca9\" data-element_type=\"container\" data-e-type=\"container\" href=\"https:\/\/www.medpex.de\/\" target=\"_blank\" rel=\"noopener\">\n\t\t\t\t<div class=\"elementor-element elementor-element-7646b6f7 p-market-n-brand__brandLogo elementor-widget elementor-widget-image\" data-id=\"7646b6f7\" data-element_type=\"widget\" data-e-type=\"widget\" data-widget_type=\"image.default\">\n\t\t\t\t\t\t\t\t\t\t\t\t\t\t\t<img loading=\"lazy\" decoding=\"async\" width=\"400\" height=\"400\" src=\"https:\/\/corporate.docmorris.com\/wp-content\/uploads\/2026\/02\/MPX-Logo-400x400-1.png\" class=\"attachment-full size-full wp-image-3678\" alt=\"\" srcset=\"https:\/\/corporate.docmorris.com\/wp-content\/uploads\/2026\/02\/MPX-Logo-400x400-1.png 400w, https:\/\/corporate.docmorris.com\/wp-content\/uploads\/2026\/02\/MPX-Logo-400x400-1-300x300.png 300w, https:\/\/corporate.docmorris.com\/wp-content\/uploads\/2026\/02\/MPX-Logo-400x400-1-150x150.png 150w\" sizes=\"(max-width: 400px) 100vw, 400px\" title=\"\">\t\t\t\t\t\t\t\t\t\t\t\t\t\t\t<\/div>\n\t\t\t\t<\/a>\n\t\t<a class=\"elementor-element elementor-element-7d49b642 e-con-full p-market-n-brand__brandCard e-flex e-con e-child\" data-id=\"7d49b642\" data-element_type=\"container\" data-e-type=\"container\" href=\"https:\/\/www.teleclinic.com\/\" target=\"_blank\" rel=\"noopener\">\n\t\t\t\t<div class=\"elementor-element elementor-element-254a29cd p-market-n-brand__brandLogo elementor-widget elementor-widget-image\" data-id=\"254a29cd\" data-element_type=\"widget\" data-e-type=\"widget\" data-widget_type=\"image.default\">\n\t\t\t\t\t\t\t\t\t\t\t\t\t\t\t<img decoding=\"async\" src=\"https:\/\/corporate.docmorris.com\/wp-content\/uploads\/2026\/02\/teleclinic.svg\" class=\"attachment-full size-full wp-image-3679\" alt=\"\" title=\"\">\t\t\t\t\t\t\t\t\t\t\t\t\t\t\t<\/div>\n\t\t\t\t<\/a>\n\t\t\t\t<\/div>\n\t\t\t\t<\/div>\n\t\t\t\t<\/div>\n\t\t\t\t<\/div>\n\t\t\t\t<\/div>\n\t\t\t\t\t\t<\/div>\n\t\t\t\t<\/div>\n\t\t\t\t<div class=\"elementor-element elementor-element-552c984 elementor-widget elementor-widget-template\" data-id=\"552c984\" data-element_type=\"widget\" data-e-type=\"widget\" data-widget_type=\"template.default\">\n\t\t\t\t<div class=\"elementor-widget-container\">\n\t\t\t\t\t\t\t<div class=\"elementor-template\">\n\t\t\t\t\t<div data-elementor-type=\"container\" data-elementor-id=\"3305\" class=\"elementor elementor-3305\" data-elementor-post-type=\"elementor_library\">\n\t\t\t\t<div class=\"elementor-element elementor-element-133a3ba1 e-con-full e-flex e-con e-child\" data-id=\"133a3ba1\" data-element_type=\"container\" data-e-type=\"container\" data-settings=\"{&quot;background_background&quot;:&quot;classic&quot;}\">\n\t\t<div class=\"elementor-element elementor-element-23d2aafb e-con-full w-section__content e-grid e-con e-child\" data-id=\"23d2aafb\" data-element_type=\"container\" data-e-type=\"container\">\n\t\t<div class=\"elementor-element elementor-element-25c370a5 e-con-full e-flex e-con e-child\" data-id=\"25c370a5\" data-element_type=\"container\" data-e-type=\"container\">\n\t\t\t\t<div class=\"elementor-element elementor-element-5046f418 c-paragraph__headline elementor-widget elementor-widget-heading\" data-id=\"5046f418\" data-element_type=\"widget\" data-e-type=\"widget\" data-widget_type=\"heading.default\">\n\t\t\t\t\t<h2 class=\"elementor-heading-title elementor-size-default\">Werde Teil unseres Teams<\/h2>\t\t\t\t<\/div>\n\t\t\t\t<div class=\"elementor-element elementor-element-1360aaff elementor-widget elementor-widget-heading\" data-id=\"1360aaff\" data-element_type=\"widget\" data-e-type=\"widget\" data-widget_type=\"heading.default\">\n\t\t\t\t\t<p class=\"elementor-heading-title elementor-size-default\">Hilf uns, die Zukunft des Gesundheitswesens zu gestalten. Wir suchen nach Talenten mit verschiedenen F\u00e4higkeiten, Hintergr\u00fcnden und Erfahrungen, die unsere Vision teilen, eine Welt zu schaffen, in der die Menschen ihre Gesundheit mit einem Klick managen k\u00f6nnen. <\/p>\t\t\t\t<\/div>\n\t\t<a class=\"elementor-element elementor-element-55162f67 p-button e-flex e-con-boxed e-con e-child\" data-id=\"55162f67\" data-element_type=\"container\" data-e-type=\"container\" href=\"https:\/\/jobs.docmorris.com\/de\/\" target=\"_blank\" rel=\"noopener\">\n\t\t\t\t\t<div class=\"e-con-inner\">\n\t\t<div class=\"elementor-element elementor-element-e04dbc0 i-button__arrow e-con-full e-flex e-con e-child\" data-id=\"e04dbc0\" data-element_type=\"container\" data-e-type=\"container\">\n\t\t\t\t<div class=\"elementor-element elementor-element-6b1029f8 p-icon elementor-view-default elementor-widget elementor-widget-icon\" data-id=\"6b1029f8\" data-element_type=\"widget\" data-e-type=\"widget\" data-widget_type=\"icon.default\">\n\t\t\t\t\t\t\t<div class=\"elementor-icon-wrapper\">\n\t\t\t<div class=\"elementor-icon\">\n\t\t\t<svg xmlns=\"http:\/\/www.w3.org\/2000\/svg\" width=\"36\" height=\"36\" viewBox=\"0 0 36 36\" fill=\"none\"><path fill-rule=\"evenodd\" clip-rule=\"evenodd\" d=\"M24.533 15.476C19.514 15.004 14.47 15.126 9.449 14.813C5.544 14.571 9.139 14.574 5.234 14.46C4.374 14.434 3.509 14.489 2.654 14.575C1.776 14.663 1.225 15.218 1.034 16.076C0.854001 16.874 1.421 17.714 2.244 17.818C2.637 17.867 3.039 17.83 3.437 17.833C7.082 17.866 3.228 17.825 6.87 17.95C11.766 18.117 16.659 18.412 21.553 18.648C21.949 18.668 22.348 18.646 22.746 18.67C24.39 18.774 26.034 18.888 27.905 19.01C27.645 19.45 27.541 19.75 27.339 19.945C25.806 21.409 24.238 22.838 22.716 24.315C22.1935 24.8139 21.7377 25.3782 21.36 25.994C21.008 26.584 21.177 27.242 21.601 27.636C22.088 28.086 22.797 28.126 23.434 27.713C23.654 27.57 23.844 27.379 24.037 27.197C25.142 26.153 26.277 25.136 27.339 24.048C28.7724 22.5824 30.1705 21.0826 31.532 19.55C32.058 18.956 32.447 18.265 33.293 18.03C33.588 17.948 33.869 17.706 34.086 17.472C34.632 16.886 34.664 16.316 34.159 15.699C33.583 14.993 33.089 14.196 31.991 14.126C31.573 14.099 31.172 13.726 30.772 13.499C27.892 11.861 25.015 10.22 22.138 8.582C21.908 8.45 21.678 8.314 21.438 8.202C20.641 7.832 20.026 7.969 19.507 8.618C18.549 9.808 18.787 10.696 20.226 11.459C22.559 12.696 24.88 13.956 27.206 15.206L27.069 15.619C26.224 15.573 25.375 15.555 24.533 15.476Z\" fill=\"black\" style=\"fill:black;fill-opacity:1;\"><\/path><\/svg>\t\t\t<\/div>\n\t\t<\/div>\n\t\t\t\t\t\t<\/div>\n\t\t\t\t<\/div>\n\t\t\t\t<div class=\"elementor-element elementor-element-31fa26e2 p-button__label elementor-widget__width-inherit elementor-widget elementor-widget-heading\" data-id=\"31fa26e2\" data-element_type=\"widget\" data-e-type=\"widget\" data-widget_type=\"heading.default\">\n\t\t\t\t\t<p class=\"elementor-heading-title elementor-size-default\">Alle Jobs<\/p>\t\t\t\t<\/div>\n\t\t\t\t\t<\/div>\n\t\t\t\t<\/a>\n\t\t\t\t<\/div>\n\t\t<div class=\"elementor-element elementor-element-24906b3d e-con-full e-flex e-con e-child\" data-id=\"24906b3d\" data-element_type=\"container\" data-e-type=\"container\">\n\t\t\t\t<div class=\"elementor-element elementor-element-24b04b46 elementor-widget elementor-widget-image\" data-id=\"24b04b46\" data-element_type=\"widget\" data-e-type=\"widget\" data-widget_type=\"image.default\">\n\t\t\t\t\t\t\t\t\t\t\t\t\t\t\t<img loading=\"lazy\" decoding=\"async\" width=\"745\" height=\"559\" src=\"https:\/\/corporate.docmorris.com\/wp-content\/uploads\/2026\/02\/Markets-Brands-Image-2.jpg\" class=\"attachment-large size-large wp-image-3674\" alt=\"\" srcset=\"https:\/\/corporate.docmorris.com\/wp-content\/uploads\/2026\/02\/Markets-Brands-Image-2.jpg 745w, https:\/\/corporate.docmorris.com\/wp-content\/uploads\/2026\/02\/Markets-Brands-Image-2-300x225.jpg 300w\" sizes=\"(max-width: 745px) 100vw, 745px\" title=\"\">\t\t\t\t\t\t\t\t\t\t\t\t\t\t\t<\/div>\n\t\t\t\t<\/div>\n\t\t\t\t<\/div>\n\t\t\t\t<\/div>\n\t\t\t\t<\/div>\n\t\t\t\t<\/div>\n\t\t\t\t\t\t<\/div>\n\t\t\t\t<\/div>\n\t\t\t\t\t<\/div>\n\t\t\t\t<\/div>\n\t\t\t\t<\/div>\n\t\t","protected":false},"excerpt":{"rendered":"","protected":false},"author":1,"featured_media":0,"parent":4069,"menu_order":0,"comment_status":"closed","ping_status":"closed","template":"","meta":{"_acf_changed":false,"footnotes":""},"class_list":["post-3670","page","type-page","status-publish","hentry"],"acf":[],"_links":{"self":[{"href":"https:\/\/corporate.docmorris.com\/de\/wp-json\/wp\/v2\/pages\/3670","targetHints":{"allow":["GET"]}}],"collection":[{"href":"https:\/\/corporate.docmorris.com\/de\/wp-json\/wp\/v2\/pages"}],"about":[{"href":"https:\/\/corporate.docmorris.com\/de\/wp-json\/wp\/v2\/types\/page"}],"author":[{"embeddable":true,"href":"https:\/\/corporate.docmorris.com\/de\/wp-json\/wp\/v2\/users\/1"}],"replies":[{"embeddable":true,"href":"https:\/\/corporate.docmorris.com\/de\/wp-json\/wp\/v2\/comments?post=3670"}],"version-history":[{"count":1,"href":"https:\/\/corporate.docmorris.com\/de\/wp-json\/wp\/v2\/pages\/3670\/revisions"}],"predecessor-version":[{"id":3681,"href":"https:\/\/corporate.docmorris.com\/de\/wp-json\/wp\/v2\/pages\/3670\/revisions\/3681"}],"up":[{"embeddable":true,"href":"https:\/\/corporate.docmorris.com\/de\/wp-json\/wp\/v2\/pages\/4069"}],"wp:attachment":[{"href":"https:\/\/corporate.docmorris.com\/de\/wp-json\/wp\/v2\/media?parent=3670"}],"curies":[{"name":"wp","href":"https:\/\/api.w.org\/{rel}","templated":true}]}}